{"id":403,"date":"2017-10-08T11:04:07","date_gmt":"2017-10-08T09:04:07","guid":{"rendered":"http:\/\/gestion-de-stock.com\/?page_id=403"},"modified":"2024-07-03T14:22:49","modified_gmt":"2024-07-03T12:22:49","slug":"mentions-legales","status":"publish","type":"page","link":"https:\/\/abcsupplychain.com\/fr\/mentions-legales\/","title":{"rendered":"Mentions L\u00e9gales"},"content":{"rendered":"\t\t<div data-elementor-type=\"wp-page\" data-elementor-id=\"403\" class=\"elementor elementor-403\" data-elementor-post-type=\"page\">\n\t\t\t\t\t\t<section class=\"elementor-section elementor-top-section elementor-element elementor-element-c9eff28 elementor-section-full_width elementor-section-height-default elementor-section-height-default\" data-id=\"c9eff28\" data-element_type=\"section\" data-e-type=\"section\" data-settings=\"{&quot;background_background&quot;:&quot;classic&quot;}\">\n\t\t\t\t\t\t\t<div class=\"elementor-background-overlay\"><\/div>\n\t\t\t\t\t\t\t<div class=\"elementor-container elementor-column-gap-default\">\n\t\t\t\t\t<div class=\"elementor-column elementor-col-100 elementor-top-column elementor-element elementor-element-657d709\" data-id=\"657d709\" data-element_type=\"column\" data-e-type=\"column\">\n\t\t\t<div class=\"elementor-widget-wrap\">\n\t\t\t\t\t\t\t<\/div>\n\t\t<\/div>\n\t\t\t\t\t<\/div>\n\t\t<\/section>\n\t\t\t\t<section class=\"elementor-section elementor-top-section elementor-element elementor-element-c304f9d elementor-section-boxed elementor-section-height-default elementor-section-height-default\" data-id=\"c304f9d\" data-element_type=\"section\" data-e-type=\"section\" data-settings=\"{&quot;background_background&quot;:&quot;classic&quot;}\">\n\t\t\t\t\t\t\t<div class=\"elementor-background-overlay\"><\/div>\n\t\t\t\t\t\t\t<div class=\"elementor-container elementor-column-gap-default\">\n\t\t\t\t\t<div class=\"elementor-column elementor-col-100 elementor-top-column elementor-element elementor-element-8949243\" data-id=\"8949243\" data-element_type=\"column\" data-e-type=\"column\">\n\t\t\t<div class=\"elementor-widget-wrap elementor-element-populated\">\n\t\t\t\t\t\t<div class=\"elementor-element elementor-element-e0b9f35 elementor-widget__width-initial elementor-widget elementor-widget-heading\" data-id=\"e0b9f35\" data-element_type=\"widget\" data-e-type=\"widget\" data-widget_type=\"heading.default\">\n\t\t\t\t<div class=\"elementor-widget-container\">\n\t\t\t\t\t<h1 class=\"elementor-heading-title elementor-size-default\"> Mentions l\u00e9gales &amp; Politique de confidentialit\u00e9 <\/h1>\t\t\t\t<\/div>\n\t\t\t\t<\/div>\n\t\t\t\t<div class=\"elementor-element elementor-element-a1c9d4f elementor-widget elementor-widget-spacer\" data-id=\"a1c9d4f\" data-element_type=\"widget\" data-e-type=\"widget\" data-widget_type=\"spacer.default\">\n\t\t\t\t<div class=\"elementor-widget-container\">\n\t\t\t\t\t\t\t<div class=\"elementor-spacer\">\n\t\t\t<div class=\"elementor-spacer-inner\"><\/div>\n\t\t<\/div>\n\t\t\t\t\t\t<\/div>\n\t\t\t\t<\/div>\n\t\t\t\t\t<\/div>\n\t\t<\/div>\n\t\t\t\t\t<\/div>\n\t\t<\/section>\n\t\t\t\t<section class=\"elementor-section elementor-top-section elementor-element elementor-element-58e787b6 elementor-section-boxed elementor-section-height-default elementor-section-height-default\" data-id=\"58e787b6\" data-element_type=\"section\" data-e-type=\"section\">\n\t\t\t\t\t\t<div class=\"elementor-container elementor-column-gap-default\">\n\t\t\t\t\t<div class=\"elementor-column elementor-col-100 elementor-top-column elementor-element elementor-element-72f4ba02\" data-id=\"72f4ba02\" data-element_type=\"column\" data-e-type=\"column\">\n\t\t\t<div class=\"elementor-widget-wrap elementor-element-populated\">\n\t\t\t\t\t\t<div class=\"elementor-element elementor-element-18baa16f elementor-widget elementor-widget-text-editor\" data-id=\"18baa16f\" data-element_type=\"widget\" data-e-type=\"widget\" data-widget_type=\"text-editor.default\">\n\t\t\t\t<div class=\"elementor-widget-container\">\n\t\t\t\t\t\t\t\t\t<p>Le site abcsupplychain.com est un site \u00e9dit\u00e9 par Edouard Thieuleux et son \u00e9quipe dans le but d&rsquo;am\u00e9liorer simplement et concr\u00e8tement votre Supply Chain, Logistique et Gestion de Stock. Pour plus d&rsquo;informations, merci de visiter la page \u00ab <a href=\"https:\/\/abcsupplychain.com\/a-propos\/\">\u00c0 propos<\/a> \u00bb.<\/p><p>Vous pouvez contacter l&rsquo;\u00e9quipe AbcSupplyChain par mail via la <a href=\"https:\/\/abcsupplychain.com\/contact\/\">page de contact<\/a>.<\/p><p><span style=\"font-family: verdana, geneva, sans-serif; font-size: 16px; font-weight: bold;\">ENTREPRISE :\u00a0<\/span><\/p><p style=\"font-size: 19px; font-style: normal; font-weight: 400;\">Ce site est \u00e9dit\u00e9 par la soci\u00e9t\u00e9\u00a0<span style=\"font-size: 19px; font-style: normal; font-weight: 400;\">AbcSupplyChain LTD, soci\u00e9t\u00e9 de droit Anglaise dont le si\u00e8ge social est :\u00a0<\/span><\/p><p style=\"font-size: 19px; font-style: normal; font-weight: 400;\">AbcSupplyChain LTD<br \/>85 Great Portland Street, First Floor<br \/>London, W1W 7LT<br \/>England<br \/>United Kingdom<br \/>Num\u00e9ro d&rsquo;enregistrement : 12510278<\/p><p style=\"font-size: 19px; font-style: normal; font-weight: 400;\">Le directeur de la publication est Edouard Thieuleux<\/p><p><span style=\"font-family: verdana, geneva, sans-serif; font-size: 12pt;\"><strong>CONDITIONS G\u00c9N\u00c9RALES D&rsquo;UTILISATION<\/strong><\/span><\/p><p>Il est interdit de recueillir ou de faire utilisation des donn\u00e9es personnelles pr\u00e9sentes sur du site abcsupplychain.com , de notre contenu sur la chaine Youtube ABC SupplyChain,\u00a0 page Facebook AbcSupplyChain et page Linkedin\u00a0AbcSupplyChain.\u00a0<\/p><p>Il est strictement interdit de copier le contenu du site\u00a0abcsupplychain.com\u00a0et de le publier sur un autre site sans l&rsquo;accord de l&rsquo;auteur. Cela inclut aussi\u00a0notre tous nos contenus (articles, vid\u00e9os, outils, Excel) sur chaine Youtube ABC Supply Chain,\u00a0 page Facebook AbcSupplyChain et page Linkedin\u00a0AbcSupplyChain.\u00a0<\/p><p>Il est conseill\u00e9 de se r\u00e9f\u00e9rer r\u00e9guli\u00e8rement \u00e0 la pr\u00e9sente page, qui est susceptible d&rsquo;\u00e9volution.<\/p><p>Toute information du site\u00a0abcsupplychain.com\u00a0est donn\u00e9e \u00e0 titre indicatif. Ces informations peuvent s&rsquo;av\u00e9rer inexactes, le site ne peut en \u00eatre tenu pour responsable.<\/p><p><strong style=\"font-family: verdana, geneva, sans-serif; font-size: 12pt;\">POLITIQUE DE REMBOURSEMENT<\/strong><\/p><div><p>Apr\u00e8s votre commande, vous avez 60 jours pour consulter la formation, appliquer mes conseils et d\u00e9cider si elle correspond \u00e0 vos attentes. Si vous n\u2019avez pas progress\u00e9, il vous suffit d\u2019envoyer un email pour \u00eatre rembours\u00e9 \u00e0 100%. La seule condition pour \u00eatre \u00e9ligible au remboursement est d\u2019essayer les techniques qui sont d\u00e9voil\u00e9es dans ce programme.\u00a0<\/p><p>Les heures de consulting priv\u00e9 et coaching individuels ainsi que les formations, ateliers et consulting qui n\u00e9cessitent un d\u00e9placement physique sont en revanche non remboursables une fois le paiement.<\/p><\/div><div><p><br \/><strong>R\u00c8GLEMENT S\u00c9CURIS\u00c9<\/strong><br \/><br \/>Le paiement des formations et programmes se fait gr\u00e2ce aux leaders mondiaux du paiement en ligne Stripe. Les r\u00e8glements sont s\u00e9curis\u00e9s et en cas de questions, vous pouvez me contacter directement par email dans la section contact ou via l\u2019espace membre si vous participez d\u00e9j\u00e0 \u00e0 un programme.<\/p><\/div>\t\t\t\t\t\t\t\t<\/div>\n\t\t\t\t<\/div>\n\t\t\t\t<div class=\"elementor-element elementor-element-632eb8e elementor-widget elementor-widget-text-editor\" data-id=\"632eb8e\" data-element_type=\"widget\" data-e-type=\"widget\" id=\"#privacy\" data-widget_type=\"text-editor.default\">\n\t\t\t\t<div class=\"elementor-widget-container\">\n\t\t\t\t\t\t\t\t\t<h2><span style=\"font-size: 19px; color: var( --e-global-color-text ); font-family: var( --e-global-typography-text-font-family ), Sans-serif;\">POLITIQUE DE CONFIDENTIALITE<\/span><\/h2><p><strong><span style=\"font-size: 19px; color: var( --e-global-color-text ); font-family: var( --e-global-typography-text-font-family ), Sans-serif;\">Notre engagement en mati\u00e8re de protection des donn\u00e9es personnelle<\/span><\/strong><\/p><p>Nous pla\u00e7ons une grande importance \u00e0 la s\u00e9curit\u00e9 de vos informations et faisons tout notre possible pour les prot\u00e9ger. Nous nous engageons \u00e0 pr\u00e9server la confidentialit\u00e9 de vos donn\u00e9es et \u00e0 respecter les r\u00e9glementations en vigueur.<\/p><p>1. Vos donn\u00e9es ne sont jamais divulgu\u00e9es ou vendues \u00e0 des tiers.<\/p><p>2. Lorsqu&rsquo;il est n\u00e9cessaire de faire appel \u00e0 des prestataires externes, nous les s\u00e9lectionnons rigoureusement et nous assurons qu&rsquo;ils s&rsquo;engagent \u00e9galement \u00e0 prot\u00e9ger vos donn\u00e9es.<\/p><p>3. Nous veillons \u00e0 respecter vos droits. C&rsquo;est pourquoi nous faisons tout notre possible pour que vous puissiez les exercer et r\u00e9pondre ainsi au mieux \u00e0 vos demandes.<\/p><p>4. Nous respectons votre vie priv\u00e9e et vos choix. Par cons\u00e9quent, vous pouvez \u00e0 tout moment choisir de r\u00e9silier ou de modifier la fr\u00e9quence des communications que vous recevez de notre part.<\/p><p>5. Les raisons de la collecte de vos donn\u00e9es :<\/p><ul><li>\u00a0 Gestion de la relation client (t\u00e9l\u00e9phone\/mail), suivi des commandes, gestion de la formation, inscriptions sur les plateformes d&rsquo;e-Learning et service apr\u00e8s-vente.<\/li><li>\u00a0 Gestion de la satisfaction client (recueil des avis des participants suite aux formations via des enqu\u00eates de satisfaction).<\/li><li>\u00a0Envoi d\u2019offres commerciales cibl\u00e9es par mail, sur les r\u00e9seaux sociaux ou sur tout autre support.<\/li><\/ul><p>6. Cookies<\/p><p>Le pr\u00e9sent site abcsupplychain.com est susceptible d&rsquo;utiliser d&rsquo;autres cookies et les outils de statistiques peuvent \u00e9galement prendre connaissance de donn\u00e9es vous concernant (notamment : adresse i.p., page d&rsquo;entr\u00e9e, page de sortie, syst\u00e8me d&rsquo;exploitation utilis\u00e9, navigateur utilis\u00e9, horaire de consultation).<\/p><p>Ce site utilise Google Analytics, un service d&rsquo;analyse fourni par Google Inc. qui utilise des cookies pour analyser l&rsquo;utilisation du site, les donn\u00e9es collect\u00e9es (y compris votre adresse IP) \u00e9tant transmises et stock\u00e9es par Google aux \u00c9tats-Unis pour \u00e9valuer l&rsquo;utilisation, compiler des rapports et fournir d&rsquo;autres services, avec une possible divulgation \u00e0 des tiers si requis par la loi ou pour traitement par Google, et vous pouvez d\u00e9sactiver les cookies via les param\u00e8tres de votre navigateur, bien que cela puisse limiter les fonctionnalit\u00e9s du site ; en utilisant ce site, vous consentez au traitement de vos donn\u00e9es par Google comme d\u00e9crit<\/p><p>7. Dur\u00e9e de conservation de vos donn\u00e9es :<\/p><ul><li>\u00a0 Pour les prospects : les donn\u00e9es sont conserv\u00e9es pendant 36 mois \u00e0 partir de la cr\u00e9ation du compte.<\/li><li>\u00a0Pour les participants (stagiaires inscrits \u00e0 une formation) : les donn\u00e9es sont conserv\u00e9es ind\u00e9finiment.<\/li><\/ul><p>8. \u00c0 qui vos donn\u00e9es sont-elles transmises ?<\/p><p>\u00a0 \u00a0Les donn\u00e9es sont uniquement destin\u00e9es \u00e0 nos services internes..<\/p>\t\t\t\t\t\t\t\t<\/div>\n\t\t\t\t<\/div>\n\t\t\t\t\t<\/div>\n\t\t<\/div>\n\t\t\t\t\t<\/div>\n\t\t<\/section>\n\t\t\t\t<\/div>\n\t\t","protected":false},"excerpt":{"rendered":"<p>Mentions l\u00e9gales &#038; Politique de confidentialit\u00e9 Le site abcsupplychain.com est un site \u00e9dit\u00e9 par Edouard Thieuleux et son \u00e9quipe dans le but d&rsquo;am\u00e9liorer simplement et concr\u00e8tement votre Supply Chain, Logistique [&hellip;]<\/p>\n","protected":false},"author":2,"featured_media":0,"parent":0,"menu_order":0,"comment_status":"closed","ping_status":"closed","template":"","meta":{"site-sidebar-layout":"default","site-content-layout":"default","ast-site-content-layout":"","site-content-style":"default","site-sidebar-style":"default","ast-global-header-display":"","ast-banner-title-visibility":"","ast-main-header-display":"","ast-hfb-above-header-display":"","ast-hfb-below-header-display":"","ast-hfb-mobile-header-display":"","site-post-title":"disabled","ast-breadcrumbs-content":"","ast-featured-img":"","footer-sml-layout":"","theme-transparent-header-meta":"default","adv-header-id-meta":"","stick-header-meta":"","header-above-stick-meta":"","header-main-stick-meta":"","header-below-stick-meta":"","astra-migrate-meta-layouts":"default","ast-page-background-enabled":"default","ast-page-background-meta":{"desktop":{"background-color":"","background-image":"","background-repeat":"repeat","background-position":"center center","background-size":"auto","background-attachment":"scroll","background-type":"","background-media":"","overlay-type":"","overlay-color":"","overlay-opacity":"","overlay-gradient":""},"tablet":{"background-color":"","background-image":"","background-repeat":"repeat","background-position":"center center","background-size":"auto","background-attachment":"scroll","background-type":"","background-media":"","overlay-type":"","overlay-color":"","overlay-opacity":"","overlay-gradient":""},"mobile":{"background-color":"","background-image":"","background-repeat":"repeat","background-position":"center center","background-size":"auto","background-attachment":"scroll","background-type":"","background-media":"","overlay-type":"","overlay-color":"","overlay-opacity":"","overlay-gradient":""}},"ast-content-background-meta":{"desktop":{"background-color":"var(--ast-global-color-5)","background-image":"","background-repeat":"repeat","background-position":"center center","background-size":"auto","background-attachment":"scroll","background-type":"","background-media":"","overlay-type":"","overlay-color":"","overlay-opacity":"","overlay-gradient":""},"tablet":{"background-color":"var(--ast-global-color-5)","background-image":"","background-repeat":"repeat","background-position":"center center","background-size":"auto","background-attachment":"scroll","background-type":"","background-media":"","overlay-type":"","overlay-color":"","overlay-opacity":"","overlay-gradient":""},"mobile":{"background-color":"var(--ast-global-color-5)","background-image":"","background-repeat":"repeat","background-position":"center center","background-size":"auto","background-attachment":"scroll","background-type":"","background-media":"","overlay-type":"","overlay-color":"","overlay-opacity":"","overlay-gradient":""}},"footnotes":""},"class_list":["post-403","page","type-page","status-publish","hentry"],"_links":{"self":[{"href":"https:\/\/abcsupplychain.com\/fr\/wp-json\/wp\/v2\/pages\/403","targetHints":{"allow":["GET"]}}],"collection":[{"href":"https:\/\/abcsupplychain.com\/fr\/wp-json\/wp\/v2\/pages"}],"about":[{"href":"https:\/\/abcsupplychain.com\/fr\/wp-json\/wp\/v2\/types\/page"}],"author":[{"embeddable":true,"href":"https:\/\/abcsupplychain.com\/fr\/wp-json\/wp\/v2\/users\/2"}],"replies":[{"embeddable":true,"href":"https:\/\/abcsupplychain.com\/fr\/wp-json\/wp\/v2\/comments?post=403"}],"version-history":[{"count":0,"href":"https:\/\/abcsupplychain.com\/fr\/wp-json\/wp\/v2\/pages\/403\/revisions"}],"wp:attachment":[{"href":"https:\/\/abcsupplychain.com\/fr\/wp-json\/wp\/v2\/media?parent=403"}],"curies":[{"name":"wp","href":"https:\/\/api.w.org\/{rel}","templated":true}]}}